{"id":3983,"date":"2023-06-21T18:46:47","date_gmt":"2023-06-21T18:46:47","guid":{"rendered":"https:\/\/zonet.com.mx\/?post_type=product&#038;p=3983"},"modified":"2023-07-17T22:17:27","modified_gmt":"2023-07-17T22:17:27","slug":"tornillo-allen-cabeza-cilindrica","status":"publish","type":"product","link":"https:\/\/zonet.com.mx\/index.php\/product\/tornillo-allen-cabeza-cilindrica\/","title":{"rendered":"Tornillo allen cabeza cil\u00edndrica"},"content":{"rendered":"<p>Tornillo allen cabeza cil\u00edndrica<\/p>\n<p>Pavonado<\/p>\n<p>Cuerda est\u00e1ndar y milim\u00e9trica<\/p>\n","protected":false},"excerpt":{"rendered":"<p>Tornillo allen cabeza cil\u00edndrica Pavonado Cuerda est\u00e1ndar y milim\u00e9trica<\/p>\n","protected":false},"featured_media":3984,"comment_status":"closed","ping_status":"closed","template":"","meta":{"_mi_skip_tracking":false,"_monsterinsights_sitenote_active":false,"_monsterinsights_sitenote_note":"","_monsterinsights_sitenote_category":0},"product_cat":[118],"product_tag":[],"class_list":["post-3983","product","type-product","status-publish","has-post-thumbnail","hentry","product_cat-tornillos"],"yoast_head":"<!-- This site is optimized with the Yoast SEO plugin v20.8 - https:\/\/yoast.com\/wordpress\/plugins\/seo\/ -->\n<title>Tornillo allen cabeza cil\u00edndrica - zonet<\/title>\n<meta name=\"robots\" content=\"index, follow, max-snippet:-1, max-image-preview:large, max-video-preview:-1\" \/>\n<link rel=\"canonical\" href=\"https:\/\/zonet.com.mx\/index.php\/product\/tornillo-allen-cabeza-cilindrica\/\" \/>\n<meta property=\"og:locale\" content=\"es_ES\" \/>\n<meta property=\"og:type\" content=\"article\" \/>\n<meta property=\"og:title\" content=\"Tornillo allen cabeza cil\u00edndrica - zonet\" \/>\n<meta property=\"og:description\" content=\"Tornillo allen cabeza cil\u00edndrica Pavonado Cuerda est\u00e1ndar y milim\u00e9trica\" \/>\n<meta property=\"og:url\" content=\"https:\/\/zonet.com.mx\/index.php\/product\/tornillo-allen-cabeza-cilindrica\/\" \/>\n<meta property=\"og:site_name\" content=\"zonet\" \/>\n<meta property=\"article:modified_time\" content=\"2023-07-17T22:17:27+00:00\" \/>\n<meta property=\"og:image\" content=\"https:\/\/zonet.com.mx\/wp-content\/uploads\/2023\/06\/IMG_0881.jpg\" \/>\n\t<meta property=\"og:image:width\" content=\"1000\" \/>\n\t<meta property=\"og:image:height\" content=\"1000\" \/>\n\t<meta property=\"og:image:type\" content=\"image\/jpeg\" \/>\n<meta name=\"twitter:card\" content=\"summary_large_image\" \/>\n<meta name=\"twitter:label1\" content=\"Tiempo de lectura\" \/>\n\t<meta name=\"twitter:data1\" content=\"1 minuto\" \/>\n<script type=\"application\/ld+json\" class=\"yoast-schema-graph\">{\"@context\":\"https:\/\/schema.org\",\"@graph\":[{\"@type\":\"WebPage\",\"@id\":\"https:\/\/zonet.com.mx\/index.php\/product\/tornillo-allen-cabeza-cilindrica\/\",\"url\":\"https:\/\/zonet.com.mx\/index.php\/product\/tornillo-allen-cabeza-cilindrica\/\",\"name\":\"Tornillo allen cabeza cil\u00edndrica - zonet\",\"isPartOf\":{\"@id\":\"https:\/\/zonet.com.mx\/#website\"},\"datePublished\":\"2023-06-21T18:46:47+00:00\",\"dateModified\":\"2023-07-17T22:17:27+00:00\",\"breadcrumb\":{\"@id\":\"https:\/\/zonet.com.mx\/index.php\/product\/tornillo-allen-cabeza-cilindrica\/#breadcrumb\"},\"inLanguage\":\"es\",\"potentialAction\":[{\"@type\":\"ReadAction\",\"target\":[\"https:\/\/zonet.com.mx\/index.php\/product\/tornillo-allen-cabeza-cilindrica\/\"]}]},{\"@type\":\"BreadcrumbList\",\"@id\":\"https:\/\/zonet.com.mx\/index.php\/product\/tornillo-allen-cabeza-cilindrica\/#breadcrumb\",\"itemListElement\":[{\"@type\":\"ListItem\",\"position\":1,\"name\":\"Home\",\"item\":\"https:\/\/zonet.com.mx\/\"},{\"@type\":\"ListItem\",\"position\":2,\"name\":\"Productos\",\"item\":\"https:\/\/zonet.com.mx\/index.php\/productos-2\/\"},{\"@type\":\"ListItem\",\"position\":3,\"name\":\"Tornillo allen cabeza cil\u00edndrica\"}]},{\"@type\":\"WebSite\",\"@id\":\"https:\/\/zonet.com.mx\/#website\",\"url\":\"https:\/\/zonet.com.mx\/\",\"name\":\"zonet\",\"description\":\"\",\"publisher\":{\"@id\":\"https:\/\/zonet.com.mx\/#organization\"},\"potentialAction\":[{\"@type\":\"SearchAction\",\"target\":{\"@type\":\"EntryPoint\",\"urlTemplate\":\"https:\/\/zonet.com.mx\/?s={search_term_string}\"},\"query-input\":\"required name=search_term_string\"}],\"inLanguage\":\"es\"},{\"@type\":\"Organization\",\"@id\":\"https:\/\/zonet.com.mx\/#organization\",\"name\":\"zonet\",\"url\":\"https:\/\/zonet.com.mx\/\",\"logo\":{\"@type\":\"ImageObject\",\"inLanguage\":\"es\",\"@id\":\"https:\/\/zonet.com.mx\/#\/schema\/logo\/image\/\",\"url\":\"https:\/\/zonet.com.mx\/wp-content\/uploads\/2023\/05\/Zonet_blanco.png\",\"contentUrl\":\"https:\/\/zonet.com.mx\/wp-content\/uploads\/2023\/05\/Zonet_blanco.png\",\"width\":1280,\"height\":550,\"caption\":\"zonet\"},\"image\":{\"@id\":\"https:\/\/zonet.com.mx\/#\/schema\/logo\/image\/\"}}]}<\/script>\n<!-- \/ Yoast SEO plugin. -->","yoast_head_json":{"title":"Tornillo allen cabeza cil\u00edndrica - zonet","robots":{"index":"index","follow":"follow","max-snippet":"max-snippet:-1","max-image-preview":"max-image-preview:large","max-video-preview":"max-video-preview:-1"},"canonical":"https:\/\/zonet.com.mx\/index.php\/product\/tornillo-allen-cabeza-cilindrica\/","og_locale":"es_ES","og_type":"article","og_title":"Tornillo allen cabeza cil\u00edndrica - zonet","og_description":"Tornillo allen cabeza cil\u00edndrica Pavonado Cuerda est\u00e1ndar y milim\u00e9trica","og_url":"https:\/\/zonet.com.mx\/index.php\/product\/tornillo-allen-cabeza-cilindrica\/","og_site_name":"zonet","article_modified_time":"2023-07-17T22:17:27+00:00","og_image":[{"width":1000,"height":1000,"url":"https:\/\/zonet.com.mx\/wp-content\/uploads\/2023\/06\/IMG_0881.jpg","type":"image\/jpeg"}],"twitter_card":"summary_large_image","twitter_misc":{"Tiempo de lectura":"1 minuto"},"schema":{"@context":"https:\/\/schema.org","@graph":[{"@type":"WebPage","@id":"https:\/\/zonet.com.mx\/index.php\/product\/tornillo-allen-cabeza-cilindrica\/","url":"https:\/\/zonet.com.mx\/index.php\/product\/tornillo-allen-cabeza-cilindrica\/","name":"Tornillo allen cabeza cil\u00edndrica - zonet","isPartOf":{"@id":"https:\/\/zonet.com.mx\/#website"},"datePublished":"2023-06-21T18:46:47+00:00","dateModified":"2023-07-17T22:17:27+00:00","breadcrumb":{"@id":"https:\/\/zonet.com.mx\/index.php\/product\/tornillo-allen-cabeza-cilindrica\/#breadcrumb"},"inLanguage":"es","potentialAction":[{"@type":"ReadAction","target":["https:\/\/zonet.com.mx\/index.php\/product\/tornillo-allen-cabeza-cilindrica\/"]}]},{"@type":"BreadcrumbList","@id":"https:\/\/zonet.com.mx\/index.php\/product\/tornillo-allen-cabeza-cilindrica\/#breadcrumb","itemListElement":[{"@type":"ListItem","position":1,"name":"Home","item":"https:\/\/zonet.com.mx\/"},{"@type":"ListItem","position":2,"name":"Productos","item":"https:\/\/zonet.com.mx\/index.php\/productos-2\/"},{"@type":"ListItem","position":3,"name":"Tornillo allen cabeza cil\u00edndrica"}]},{"@type":"WebSite","@id":"https:\/\/zonet.com.mx\/#website","url":"https:\/\/zonet.com.mx\/","name":"zonet","description":"","publisher":{"@id":"https:\/\/zonet.com.mx\/#organization"},"potentialAction":[{"@type":"SearchAction","target":{"@type":"EntryPoint","urlTemplate":"https:\/\/zonet.com.mx\/?s={search_term_string}"},"query-input":"required name=search_term_string"}],"inLanguage":"es"},{"@type":"Organization","@id":"https:\/\/zonet.com.mx\/#organization","name":"zonet","url":"https:\/\/zonet.com.mx\/","logo":{"@type":"ImageObject","inLanguage":"es","@id":"https:\/\/zonet.com.mx\/#\/schema\/logo\/image\/","url":"https:\/\/zonet.com.mx\/wp-content\/uploads\/2023\/05\/Zonet_blanco.png","contentUrl":"https:\/\/zonet.com.mx\/wp-content\/uploads\/2023\/05\/Zonet_blanco.png","width":1280,"height":550,"caption":"zonet"},"image":{"@id":"https:\/\/zonet.com.mx\/#\/schema\/logo\/image\/"}}]}},"_links":{"self":[{"href":"https:\/\/zonet.com.mx\/index.php\/wp-json\/wp\/v2\/product\/3983","targetHints":{"allow":["GET"]}}],"collection":[{"href":"https:\/\/zonet.com.mx\/index.php\/wp-json\/wp\/v2\/product"}],"about":[{"href":"https:\/\/zonet.com.mx\/index.php\/wp-json\/wp\/v2\/types\/product"}],"replies":[{"embeddable":true,"href":"https:\/\/zonet.com.mx\/index.php\/wp-json\/wp\/v2\/comments?post=3983"}],"version-history":[{"count":1,"href":"https:\/\/zonet.com.mx\/index.php\/wp-json\/wp\/v2\/product\/3983\/revisions"}],"predecessor-version":[{"id":3987,"href":"https:\/\/zonet.com.mx\/index.php\/wp-json\/wp\/v2\/product\/3983\/revisions\/3987"}],"wp:featuredmedia":[{"embeddable":true,"href":"https:\/\/zonet.com.mx\/index.php\/wp-json\/wp\/v2\/media\/3984"}],"wp:attachment":[{"href":"https:\/\/zonet.com.mx\/index.php\/wp-json\/wp\/v2\/media?parent=3983"}],"wp:term":[{"taxonomy":"product_cat","embeddable":true,"href":"https:\/\/zonet.com.mx\/index.php\/wp-json\/wp\/v2\/product_cat?post=3983"},{"taxonomy":"product_tag","embeddable":true,"href":"https:\/\/zonet.com.mx\/index.php\/wp-json\/wp\/v2\/product_tag?post=3983"}],"curies":[{"name":"wp","href":"https:\/\/api.w.org\/{rel}","templated":true}]}}